{"id":28963,"date":"2025-03-07T23:09:30","date_gmt":"2025-03-07T23:09:30","guid":{"rendered":"https:\/\/brico.blackfriday\/?post_type=product&#038;p=28963"},"modified":"2025-03-07T23:32:32","modified_gmt":"2025-03-07T23:32:32","slug":"escalier-composite-neospa-long-2-marches-gris-anthracite","status":"publish","type":"product","link":"https:\/\/brico.blackfriday\/nl\/product\/escalier-composite-neospa-long-2-marches-gris-anthracite\/","title":{"rendered":"Escalier composite NEOSPA Long &#8211; 2 marches Gris anthracite"},"content":{"rendered":"<p>Escalier 2 marches long adapt\u00e9 aux spas de la marque NEOSPA &#8211; Cet escalier robuste et de haute qualit\u00e9 avec une surface antid\u00e9rapante vous fournira un moyen pratique d&#8217;acc\u00e9der \u00e0 votre spa.<br \/>\nPour spas Neospa, ces escaliers se marient parfaitement avec l&#8217;habillage.<br \/>\nSes grandes dimensions vous offriront plus d&#8217;aisance lors de l&#8217;acc\u00e8s au spa (92 x 58 x 13 cm). Couleur gris.<br \/>\nPoids : 16 kg<br \/>\nR\u00e9sistant aux conditions ext\u00e9rieures.<br \/>\nVendu \u00e0 l&#8217;unit\u00e9.<\/p>\n","protected":false},"excerpt":{"rendered":"<p>Escalier 2 marches long adapt\u00e9 aux spas de la marque NEOSPA &#8211; Cet escalier robuste et de haute qualit\u00e9 avec<\/p>\n","protected":false},"featured_media":28800,"comment_status":"open","ping_status":"closed","template":"","meta":[],"product_brand":[93],"product_cat":[20,91,92],"product_tag":[],"class_list":{"0":"post-28963","1":"product","2":"type-product","3":"status-publish","4":"has-post-thumbnail","6":"product_brand-spas","7":"product_cat-accessories","8":"product_cat-piscines-et-spas","9":"product_cat-spas","11":"first","12":"instock","13":"taxable","14":"shipping-taxable","15":"purchasable","16":"product-type-simple"},"acf":[],"_links":{"self":[{"href":"https:\/\/brico.blackfriday\/nl\/wp-json\/wp\/v2\/product\/28963","targetHints":{"allow":["GET"]}}],"collection":[{"href":"https:\/\/brico.blackfriday\/nl\/wp-json\/wp\/v2\/product"}],"about":[{"href":"https:\/\/brico.blackfriday\/nl\/wp-json\/wp\/v2\/types\/product"}],"replies":[{"embeddable":true,"href":"https:\/\/brico.blackfriday\/nl\/wp-json\/wp\/v2\/comments?post=28963"}],"version-history":[{"count":1,"href":"https:\/\/brico.blackfriday\/nl\/wp-json\/wp\/v2\/product\/28963\/revisions"}],"predecessor-version":[{"id":28964,"href":"https:\/\/brico.blackfriday\/nl\/wp-json\/wp\/v2\/product\/28963\/revisions\/28964"}],"wp:featuredmedia":[{"embeddable":true,"href":"https:\/\/brico.blackfriday\/nl\/wp-json\/wp\/v2\/media\/28800"}],"wp:attachment":[{"href":"https:\/\/brico.blackfriday\/nl\/wp-json\/wp\/v2\/media?parent=28963"}],"wp:term":[{"taxonomy":"product_brand","embeddable":true,"href":"https:\/\/brico.blackfriday\/nl\/wp-json\/wp\/v2\/product_brand?post=28963"},{"taxonomy":"product_cat","embeddable":true,"href":"https:\/\/brico.blackfriday\/nl\/wp-json\/wp\/v2\/product_cat?post=28963"},{"taxonomy":"product_tag","embeddable":true,"href":"https:\/\/brico.blackfriday\/nl\/wp-json\/wp\/v2\/product_tag?post=28963"}],"curies":[{"name":"wp","href":"https:\/\/api.w.org\/{rel}","templated":true}]}}