{"id":28961,"date":"2025-03-07T23:05:06","date_gmt":"2025-03-07T23:05:06","guid":{"rendered":"https:\/\/brico.blackfriday\/?post_type=product&#038;p=28961"},"modified":"2025-03-07T23:33:57","modified_gmt":"2025-03-07T23:33:57","slug":"escalier-composite-neospa-court-2-marches-gris-anthracite","status":"publish","type":"product","link":"https:\/\/brico.blackfriday\/nl\/product\/escalier-composite-neospa-court-2-marches-gris-anthracite\/","title":{"rendered":"Escalier composite NEOSPA Court &#8211; 2 marches Gris anthracite"},"content":{"rendered":"<p>Escalier 2 marches court adapt\u00e9 aux spas de la marque NEOSPA &#8211; L&#8217;escalier pour spa est con\u00e7u pour faciliter l&#8217;acc\u00e8s \u00e0 votre spa pour des moments de d\u00e9tente.<br \/>\nPour spas Neospa, ces escaliers se marient parfaitement avec l&#8217;habillage.<br \/>\nDimensions : 61 x 58 x 13 cm &#8211; Couleur gris.<br \/>\nPoids : 13 kg<br \/>\nR\u00e9sistant aux conditions ext\u00e9rieures.<br \/>\nVendu \u00e0 l&#8217;unit\u00e9.<\/p>\n","protected":false},"excerpt":{"rendered":"<p>Escalier 2 marches court adapt\u00e9 aux spas de la marque NEOSPA &#8211; L&#8217;escalier pour spa est con\u00e7u pour faciliter l&#8217;acc\u00e8s<\/p>\n","protected":false},"featured_media":28791,"comment_status":"open","ping_status":"closed","template":"","meta":[],"product_brand":[93],"product_cat":[20,91,92],"product_tag":[],"class_list":{"0":"post-28961","1":"product","2":"type-product","3":"status-publish","4":"has-post-thumbnail","6":"product_brand-spas","7":"product_cat-accessories","8":"product_cat-piscines-et-spas","9":"product_cat-spas","11":"first","12":"instock","13":"taxable","14":"shipping-taxable","15":"purchasable","16":"product-type-simple"},"acf":[],"_links":{"self":[{"href":"https:\/\/brico.blackfriday\/nl\/wp-json\/wp\/v2\/product\/28961","targetHints":{"allow":["GET"]}}],"collection":[{"href":"https:\/\/brico.blackfriday\/nl\/wp-json\/wp\/v2\/product"}],"about":[{"href":"https:\/\/brico.blackfriday\/nl\/wp-json\/wp\/v2\/types\/product"}],"replies":[{"embeddable":true,"href":"https:\/\/brico.blackfriday\/nl\/wp-json\/wp\/v2\/comments?post=28961"}],"version-history":[{"count":1,"href":"https:\/\/brico.blackfriday\/nl\/wp-json\/wp\/v2\/product\/28961\/revisions"}],"predecessor-version":[{"id":28962,"href":"https:\/\/brico.blackfriday\/nl\/wp-json\/wp\/v2\/product\/28961\/revisions\/28962"}],"wp:featuredmedia":[{"embeddable":true,"href":"https:\/\/brico.blackfriday\/nl\/wp-json\/wp\/v2\/media\/28791"}],"wp:attachment":[{"href":"https:\/\/brico.blackfriday\/nl\/wp-json\/wp\/v2\/media?parent=28961"}],"wp:term":[{"taxonomy":"product_brand","embeddable":true,"href":"https:\/\/brico.blackfriday\/nl\/wp-json\/wp\/v2\/product_brand?post=28961"},{"taxonomy":"product_cat","embeddable":true,"href":"https:\/\/brico.blackfriday\/nl\/wp-json\/wp\/v2\/product_cat?post=28961"},{"taxonomy":"product_tag","embeddable":true,"href":"https:\/\/brico.blackfriday\/nl\/wp-json\/wp\/v2\/product_tag?post=28961"}],"curies":[{"name":"wp","href":"https:\/\/api.w.org\/{rel}","templated":true}]}}