{"id":28967,"date":"2025-03-07T23:18:37","date_gmt":"2025-03-07T23:18:37","guid":{"rendered":"https:\/\/brico.blackfriday\/?post_type=product&#038;p=28967"},"modified":"2025-03-07T23:28:06","modified_gmt":"2025-03-07T23:28:06","slug":"filtre-cartouche-long","status":"publish","type":"product","link":"https:\/\/brico.blackfriday\/en\/product\/filtre-cartouche-long\/","title":{"rendered":"Filtre cartouche long"},"content":{"rendered":"<p>Filtre d&#8217;origine qui absorbe et filtre les particules et impuret\u00e9s de l\u2019eau, maintenant ainsi la qualit\u00e9 de l&#8217;eau et prot\u00e9geant les pompes du spa (compatible avec les spas ALPINA). Veillez \u00e0 le nettoyer r\u00e9guli\u00e8rement.<\/p>\n","protected":false},"excerpt":{"rendered":"<p>Filtre d&#8217;origine qui absorbe et filtre les particules et impuret\u00e9s de l\u2019eau, maintenant ainsi la qualit\u00e9 de l&#8217;eau et prot\u00e9geant<\/p>\n","protected":false},"featured_media":28821,"comment_status":"open","ping_status":"closed","template":"","meta":[],"product_brand":[93],"product_cat":[20,91,92],"product_tag":[],"class_list":{"0":"post-28967","1":"product","2":"type-product","3":"status-publish","4":"has-post-thumbnail","6":"product_brand-spas","7":"product_cat-accessories","8":"product_cat-piscines-et-spas","9":"product_cat-spas","11":"first","12":"instock","13":"taxable","14":"shipping-taxable","15":"purchasable","16":"product-type-simple"},"acf":[],"_links":{"self":[{"href":"https:\/\/brico.blackfriday\/en\/wp-json\/wp\/v2\/product\/28967","targetHints":{"allow":["GET"]}}],"collection":[{"href":"https:\/\/brico.blackfriday\/en\/wp-json\/wp\/v2\/product"}],"about":[{"href":"https:\/\/brico.blackfriday\/en\/wp-json\/wp\/v2\/types\/product"}],"replies":[{"embeddable":true,"href":"https:\/\/brico.blackfriday\/en\/wp-json\/wp\/v2\/comments?post=28967"}],"version-history":[{"count":1,"href":"https:\/\/brico.blackfriday\/en\/wp-json\/wp\/v2\/product\/28967\/revisions"}],"predecessor-version":[{"id":28968,"href":"https:\/\/brico.blackfriday\/en\/wp-json\/wp\/v2\/product\/28967\/revisions\/28968"}],"wp:featuredmedia":[{"embeddable":true,"href":"https:\/\/brico.blackfriday\/en\/wp-json\/wp\/v2\/media\/28821"}],"wp:attachment":[{"href":"https:\/\/brico.blackfriday\/en\/wp-json\/wp\/v2\/media?parent=28967"}],"wp:term":[{"taxonomy":"product_brand","embeddable":true,"href":"https:\/\/brico.blackfriday\/en\/wp-json\/wp\/v2\/product_brand?post=28967"},{"taxonomy":"product_cat","embeddable":true,"href":"https:\/\/brico.blackfriday\/en\/wp-json\/wp\/v2\/product_cat?post=28967"},{"taxonomy":"product_tag","embeddable":true,"href":"https:\/\/brico.blackfriday\/en\/wp-json\/wp\/v2\/product_tag?post=28967"}],"curies":[{"name":"wp","href":"https:\/\/api.w.org\/{rel}","templated":true}]}}