{"id":28959,"date":"2025-03-07T23:02:28","date_gmt":"2025-03-07T23:02:28","guid":{"rendered":"https:\/\/brico.blackfriday\/?post_type=product&#038;p=28959"},"modified":"2025-03-07T23:35:13","modified_gmt":"2025-03-07T23:35:13","slug":"escalier-court-2-marches-gris-taupe","status":"publish","type":"product","link":"https:\/\/brico.blackfriday\/de\/product\/escalier-court-2-marches-gris-taupe\/","title":{"rendered":"Escalier Court  2 marches Gris Taupe"},"content":{"rendered":"<p>Escalier 2 marches court en PVC adapt\u00e9 aux spas de la marque ALPINA et MLSPA &#8211; L&#8217;escalier pour spa est con\u00e7u pour faciliter l&#8217;acc\u00e8s \u00e0 votre spa pour des moments de d\u00e9tente.<br \/>\nR\u00e9sistant aux conditions ext\u00e9rieures.<\/p>\n<p>L.61*P.69*H.39 \u00a0&#8211; Vendu \u00e0 l&#8217;unit\u00e9.<\/p>\n","protected":false},"excerpt":{"rendered":"<p>Escalier 2 marches court en PVC adapt\u00e9 aux spas de la marque ALPINA et MLSPA &#8211; L&#8217;escalier pour spa est<\/p>\n","protected":false},"featured_media":28797,"comment_status":"open","ping_status":"closed","template":"","meta":[],"product_brand":[93],"product_cat":[20,91,92],"product_tag":[],"class_list":{"0":"post-28959","1":"product","2":"type-product","3":"status-publish","4":"has-post-thumbnail","6":"product_brand-spas","7":"product_cat-accessories","8":"product_cat-piscines-et-spas","9":"product_cat-spas","11":"first","12":"instock","13":"taxable","14":"shipping-taxable","15":"purchasable","16":"product-type-simple"},"acf":[],"_links":{"self":[{"href":"https:\/\/brico.blackfriday\/de\/wp-json\/wp\/v2\/product\/28959","targetHints":{"allow":["GET"]}}],"collection":[{"href":"https:\/\/brico.blackfriday\/de\/wp-json\/wp\/v2\/product"}],"about":[{"href":"https:\/\/brico.blackfriday\/de\/wp-json\/wp\/v2\/types\/product"}],"replies":[{"embeddable":true,"href":"https:\/\/brico.blackfriday\/de\/wp-json\/wp\/v2\/comments?post=28959"}],"version-history":[{"count":2,"href":"https:\/\/brico.blackfriday\/de\/wp-json\/wp\/v2\/product\/28959\/revisions"}],"predecessor-version":[{"id":28972,"href":"https:\/\/brico.blackfriday\/de\/wp-json\/wp\/v2\/product\/28959\/revisions\/28972"}],"wp:featuredmedia":[{"embeddable":true,"href":"https:\/\/brico.blackfriday\/de\/wp-json\/wp\/v2\/media\/28797"}],"wp:attachment":[{"href":"https:\/\/brico.blackfriday\/de\/wp-json\/wp\/v2\/media?parent=28959"}],"wp:term":[{"taxonomy":"product_brand","embeddable":true,"href":"https:\/\/brico.blackfriday\/de\/wp-json\/wp\/v2\/product_brand?post=28959"},{"taxonomy":"product_cat","embeddable":true,"href":"https:\/\/brico.blackfriday\/de\/wp-json\/wp\/v2\/product_cat?post=28959"},{"taxonomy":"product_tag","embeddable":true,"href":"https:\/\/brico.blackfriday\/de\/wp-json\/wp\/v2\/product_tag?post=28959"}],"curies":[{"name":"wp","href":"https:\/\/api.w.org\/{rel}","templated":true}]}}