{"id":34611,"date":"2025-02-15T07:23:12","date_gmt":"2025-02-15T07:23:12","guid":{"rendered":"https:\/\/brico.blackfriday\/newsletter\/"},"modified":"2025-05-21T12:17:47","modified_gmt":"2025-05-21T12:17:47","slug":"newsletter","status":"publish","type":"page","link":"https:\/\/brico.blackfriday\/de\/newsletter\/","title":{"rendered":"Newsletter"},"content":{"rendered":"\t\t<div data-elementor-type=\"wp-page\" data-elementor-id=\"34611\" class=\"elementor elementor-34611 elementor-28187\" data-elementor-post-type=\"page\">\n\t\t\t\t<div class=\"wd-negative-gap elementor-element elementor-element-2905d97 e-flex e-con-boxed e-con e-parent\" data-id=\"2905d97\" data-element_type=\"container\">\n\t\t\t\t\t<div class=\"e-con-inner\">\n\t\t\t\t<div class=\"elementor-element elementor-element-2fb76cf elementor-widget elementor-widget-heading\" data-id=\"2fb76cf\" data-element_type=\"widget\" data-widget_type=\"heading.default\">\n\t\t\t\t<div class=\"elementor-widget-container\">\n\t\t\t\t\t<h2 class=\"elementor-heading-title elementor-size-default\">Melden Sie sich f\u00fcr unseren Newsletter an - Brico.blackfriday  <\/h2>\t\t\t\t<\/div>\n\t\t\t\t<\/div>\n\t\t\t\t<div class=\"elementor-element elementor-element-9f2af95 color-scheme-inherit text-left elementor-widget elementor-widget-text-editor\" data-id=\"9f2af95\" data-element_type=\"widget\" data-widget_type=\"text-editor.default\">\n\t\t\t\t<div class=\"elementor-widget-container\">\n\t\t\t\t\t\t\t\t\t<p>Bleiben Sie auf dem Laufenden \u00fcber die neuesten Produkte, exklusive Angebote und Tipps f\u00fcr Ihre Tischlereiprojekte. Wenn Sie sich f\u00fcr unseren Newsletter anmelden, erhalten Sie alle n\u00fctzlichen Informationen direkt in Ihre Mailbox, damit Sie unsere Produkte und Dienstleistungen optimal nutzen k\u00f6nnen.   <\/p>\t\t\t\t\t\t\t\t<\/div>\n\t\t\t\t<\/div>\n\t\t\t\t\t<\/div>\n\t\t\t\t<\/div>\n\t\t<div class=\"wd-negative-gap elementor-element elementor-element-c59cd46 e-flex e-con-boxed e-con e-parent\" data-id=\"c59cd46\" data-element_type=\"container\">\n\t\t\t\t\t<div class=\"e-con-inner\">\n\t\t\t\t<div class=\"elementor-element elementor-element-c58f9b4 wd-width-100 elementor-widget elementor-widget-wd_title\" data-id=\"c58f9b4\" data-element_type=\"widget\" data-widget_type=\"wd_title.default\">\n\t\t\t\t<div class=\"elementor-widget-container\">\n\t\t\t\t\t\t\t<div class=\"title-wrapper wd-set-mb reset-last-child wd-title-color-default wd-title-style-default wd-title-size-default text-left\">\n\n\t\t\t\n\t\t\t<div class=\"liner-continer\">\n\t\t\t\t<h4 class=\"woodmart-title-container title wd-fontsize-l\">Warum sollten Sie sich f\u00fcr unseren Newsletter anmelden?  <br \/>\nWenn Sie sich f\u00fcr unseren Newsletter anmelden, profitieren Sie von vielen Vorteilen:  <br \/>\n<\/h4> \n\t\t\t\t\t\t\t<\/div>\n\n\t\t\t\t\t\t\t<div class=\"title-after_title reset-last-child wd-fontsize-xs\">\n\t\t\t\t\t<p>- <u>Sonderangebote und exklusive Promotionen<\/u>: Erfahren Sie als Erster von unseren Rabatten und begrenzten Angeboten auf unsere Produkte.  <\/p><p>- <u>Au\u00dfergew\u00f6hnliche Rabatte jeden Freitag<\/u>: Erhalten Sie jede Woche als erstes unsere tollen Freitagsangebote mit Rabatten von bis zu 52% auf eine Auswahl von Produkten!  <\/p><p>- Einbautipps <u>und -tricks<\/u>: Entdecken Sie praktische Tipps f\u00fcr den einfachen Einbau von Fenstern, T\u00fcren und anderen Tischlerarbeiten.  <\/p><p>- <u>Neue Produkte und Innovationen<\/u>: Bleiben Sie auf dem Laufenden \u00fcber unsere neuesten Kollektionen und neuen Produkte, die auf Brico.blackfriday erh\u00e4ltlich sind.  <\/p><p>- <u>Unternehmensnachrichten<\/u>: Informieren Sie sich \u00fcber Veranstaltungen und Neuigkeiten \u00fcber unser Unternehmen und unsere Partner.  <\/p>\t\t\t\t<\/div>\n\t\t\t\t\t<\/div>\n\t\t\t\t\t\t<\/div>\n\t\t\t\t<\/div>\n\t\t\t\t\t<\/div>\n\t\t\t\t<\/div>\n\t\t<div class=\"wd-negative-gap elementor-element elementor-element-04882d2 e-flex e-con-boxed e-con e-parent\" data-id=\"04882d2\" data-element_type=\"container\">\n\t\t\t\t\t<div class=\"e-con-inner\">\n\t\t\t\t<div class=\"elementor-element elementor-element-ab035eb elementor-widget elementor-widget-heading\" data-id=\"ab035eb\" data-element_type=\"widget\" data-widget_type=\"heading.default\">\n\t\t\t\t<div class=\"elementor-widget-container\">\n\t\t\t\t\t<h2 class=\"elementor-heading-title elementor-size-default\">Wie melde ich mich an?  <\/h2>\t\t\t\t<\/div>\n\t\t\t\t<\/div>\n\t\t\t\t<div class=\"elementor-element elementor-element-575fb99 color-scheme-inherit text-left elementor-widget elementor-widget-text-editor\" data-id=\"575fb99\" data-element_type=\"widget\" data-widget_type=\"text-editor.default\">\n\t\t\t\t<div class=\"elementor-widget-container\">\n\t\t\t\t\t\t\t\t\t<p>Es ist ganz einfach! F\u00fcllen Sie einfach das untenstehende Formular aus und Sie erhalten alle unsere Informationen direkt per E-Mail.   <\/p>\t\t\t\t\t\t\t\t<\/div>\n\t\t\t\t<\/div>\n\t\t\t\t\t<\/div>\n\t\t\t\t<\/div>\n\t\t<div class=\"wd-negative-gap elementor-element elementor-element-bad58e5 e-flex e-con-boxed e-con e-parent\" data-id=\"bad58e5\" data-element_type=\"container\">\n\t\t\t\t\t<div class=\"e-con-inner\">\n\t\t\t\t<div class=\"elementor-element elementor-element-c7550e1 elementor-widget elementor-widget-heading\" data-id=\"c7550e1\" data-element_type=\"widget\" data-widget_type=\"heading.default\">\n\t\t\t\t<div class=\"elementor-widget-container\">\n\t\t\t\t\t<h2 class=\"elementor-heading-title elementor-size-default\">Formular zur Anmeldung f\u00fcr den Newsletter  <\/h2>\t\t\t\t<\/div>\n\t\t\t\t<\/div>\n\t\t\t\t\t<\/div>\n\t\t\t\t<\/div>\n\t\t<div class=\"wd-negative-gap elementor-element elementor-element-c49a86f e-flex e-con-boxed e-con e-parent\" data-id=\"c49a86f\" data-element_type=\"container\">\n\t\t\t\t\t<div class=\"e-con-inner\">\n\t\t\t\t<div class=\"elementor-element elementor-element-990819a elementor-button-align-stretch elementor-widget elementor-widget-form\" data-id=\"990819a\" data-element_type=\"widget\" data-settings=\"{&quot;step_next_label&quot;:&quot;Next&quot;,&quot;step_previous_label&quot;:&quot;Previous&quot;,&quot;button_width&quot;:&quot;100&quot;,&quot;step_type&quot;:&quot;number_text&quot;,&quot;step_icon_shape&quot;:&quot;circle&quot;}\" data-widget_type=\"form.default\">\n\t\t\t\t<div class=\"elementor-widget-container\">\n\t\t\t\t\t\t\t<form class=\"elementor-form\" method=\"post\" name=\"Neue Form\">\n\t\t\t<input type=\"hidden\" name=\"post_id\" value=\"34611\"\/>\n\t\t\t<input type=\"hidden\" name=\"form_id\" value=\"990819a\"\/>\n\t\t\t<input type=\"hidden\" name=\"referer_title\" value=\"Brico Black Friday\" \/>\n\n\t\t\t\n\t\t\t<div class=\"elementor-form-fields-wrapper elementor-labels-\">\n\t\t\t\t\t\t\t\t<div class=\"elementor-field-type-text elementor-field-group elementor-column elementor-field-group-name elementor-col-50\">\n\t\t\t\t\t\t\t\t\t\t\t\t<label for=\"form-field-name\" class=\"elementor-field-label elementor-screen-only\">\n\t\t\t\t\t\t\t\tName  \t\t\t\t\t\t\t<\/label>\n\t\t\t\t\t\t\t\t\t\t\t\t\t\t<input size=\"1\" type=\"text\" name=\"form_fields[name]\" id=\"form-field-name\" class=\"elementor-field elementor-size-sm  elementor-field-textual\" placeholder=\"Name  \">\n\t\t\t\t\t\t\t\t\t\t\t<\/div>\n\t\t\t\t\t\t\t\t<div class=\"elementor-field-type-text elementor-field-group elementor-column elementor-field-group-field_698bf02 elementor-col-50\">\n\t\t\t\t\t\t\t\t\t\t\t\t<label for=\"form-field-field_698bf02\" class=\"elementor-field-label elementor-screen-only\">\n\t\t\t\t\t\t\t\tVorname\t\t\t\t\t\t\t<\/label>\n\t\t\t\t\t\t\t\t\t\t\t\t\t\t<input size=\"1\" type=\"text\" name=\"form_fields[field_698bf02]\" id=\"form-field-field_698bf02\" class=\"elementor-field elementor-size-sm  elementor-field-textual\" placeholder=\"Vorname\">\n\t\t\t\t\t\t\t\t\t\t\t<\/div>\n\t\t\t\t\t\t\t\t<div class=\"elementor-field-type-email elementor-field-group elementor-column elementor-field-group-email elementor-col-50 elementor-field-required\">\n\t\t\t\t\t\t\t\t\t\t\t\t<label for=\"form-field-email\" class=\"elementor-field-label elementor-screen-only\">\n\t\t\t\t\t\t\t\tE-Mail  \t\t\t\t\t\t\t<\/label>\n\t\t\t\t\t\t\t\t\t\t\t\t\t\t<input size=\"1\" type=\"email\" name=\"form_fields[email]\" id=\"form-field-email\" class=\"elementor-field elementor-size-sm  elementor-field-textual\" placeholder=\"E-Mail  \" required=\"required\" aria-required=\"true\">\n\t\t\t\t\t\t\t\t\t\t\t<\/div>\n\t\t\t\t\t\t\t\t<div class=\"elementor-field-type-select elementor-field-group elementor-column elementor-field-group-field_340d3cc elementor-col-50\">\n\t\t\t\t\t\t\t\t\t\t\t\t<label for=\"form-field-field_340d3cc\" class=\"elementor-field-label elementor-screen-only\">\n\t\t\t\t\t\t\t\tPr\u00e4ferenzen  \t\t\t\t\t\t\t<\/label>\n\t\t\t\t\t\t\t\t<div class=\"elementor-field elementor-select-wrapper remove-before \">\n\t\t\t<div class=\"select-caret-down-wrapper\">\n\t\t\t\t<svg aria-hidden=\"true\" class=\"e-font-icon-svg e-eicon-caret-down\" viewBox=\"0 0 571.4 571.4\" xmlns=\"http:\/\/www.w3.org\/2000\/svg\"><path d=\"M571 393Q571 407 561 418L311 668Q300 679 286 679T261 668L11 418Q0 407 0 393T11 368 36 357H536Q550 357 561 368T571 393Z\"><\/path><\/svg>\t\t\t<\/div>\n\t\t\t<select name=\"form_fields[field_340d3cc]\" id=\"form-field-field_340d3cc\" class=\"elementor-field-textual elementor-size-sm\">\n\t\t\t\t\t\t\t\t\t<option value=\"- \ud83d\udcc5 Aktionen und Sonderangebote \">- \ud83d\udcc5 Aktionen und Sonderangebote <\/option>\n\t\t\t\t\t\t\t\t\t<option value=\" - \ud83d\udee0 Installationstipps \"> - \ud83d\udee0 Installationstipps <\/option>\n\t\t\t\t\t\t\t\t\t<option value=\" - \ud83c\udd95 Neue Produkte \"> - \ud83c\udd95 Neue Produkte <\/option>\n\t\t\t\t\t\t\t\t\t<option value=\" - \ud83d\udce3 Aktuelles von Brico.blackfriday \"> - \ud83d\udce3 Aktuelles von Brico.blackfriday <\/option>\n\t\t\t\t\t\t\t\t\t<option value=\" - \ud83d\udca5 Freitagsangebote (Rabatte bis zu 52%)  \"> - \ud83d\udca5 Freitagsangebote (Rabatte bis zu 52%)  <\/option>\n\t\t\t\t\t\t\t\t\t<option value=\"\"><\/option>\n\t\t\t\t\t\t\t<\/select>\n\t\t<\/div>\n\t\t\t\t\t\t<\/div>\n\t\t\t\t\t\t\t\t<div class=\"elementor-field-group elementor-column elementor-field-type-submit elementor-col-100 e-form__buttons\">\n\t\t\t\t\t<button class=\"elementor-button elementor-size-sm\" type=\"submit\">\n\t\t\t\t\t\t<span class=\"elementor-button-content-wrapper\">\n\t\t\t\t\t\t\t\t\t\t\t\t\t\t\t\t\t\t\t\t\t\t<span class=\"elementor-button-text\">Schaltfl\u00e4che f\u00fcr die Anmeldung<\/span>\n\t\t\t\t\t\t\t\t\t\t\t\t\t<\/span>\n\t\t\t\t\t<\/button>\n\t\t\t\t<\/div>\n\t\t\t<\/div>\n\t\t<\/form>\n\t\t\t\t\t\t<\/div>\n\t\t\t\t<\/div>\n\t\t\t\t\t<\/div>\n\t\t\t\t<\/div>\n\t\t<div class=\"wd-negative-gap elementor-element elementor-element-f186778 e-flex e-con-boxed e-con e-parent\" data-id=\"f186778\" data-element_type=\"container\">\n\t\t\t\t\t<div class=\"e-con-inner\">\n\t\t\t\t<div class=\"elementor-element elementor-element-61f5aaf elementor-widget elementor-widget-heading\" data-id=\"61f5aaf\" data-element_type=\"widget\" data-widget_type=\"heading.default\">\n\t\t\t\t<div class=\"elementor-widget-container\">\n\t\t\t\t\t<h2 class=\"elementor-heading-title elementor-size-default\">  Eine ma\u00dfgeschneiderte Erfahrung, das ganze Jahr \u00fcber  <\/h2>\t\t\t\t<\/div>\n\t\t\t\t<\/div>\n\t\t\t\t<div class=\"elementor-element elementor-element-729d63c color-scheme-inherit text-left elementor-widget elementor-widget-text-editor\" data-id=\"729d63c\" data-element_type=\"widget\" data-widget_type=\"text-editor.default\">\n\t\t\t\t<div class=\"elementor-widget-container\">\n\t\t\t\t\t\t\t\t\t<p>Wir bei Brico.blackfriday sind bestrebt, Ihnen relevante Informationen zu liefern, die Ihren Bed\u00fcrfnissen entsprechen. Mit unserem Newsletter erhalten Sie nur die Informationen, die f\u00fcr Sie von Interesse sind und die Ihren Pr\u00e4ferenzen entsprechen. Sie k\u00f6nnen Ihre Pr\u00e4ferenzen jederzeit \u00fcber den in jeder E-Mail enthaltenen Link \u00e4ndern oder sich abmelden.  <\/p>\t\t\t\t\t\t\t\t<\/div>\n\t\t\t\t<\/div>\n\t\t\t\t\t<\/div>\n\t\t\t\t<\/div>\n\t\t<div class=\"wd-negative-gap elementor-element elementor-element-dc4cdac e-flex e-con-boxed e-con e-parent\" data-id=\"dc4cdac\" data-element_type=\"container\">\n\t\t\t\t\t<div class=\"e-con-inner\">\n\t\t\t\t<div class=\"elementor-element elementor-element-e683142 elementor-widget elementor-widget-heading\" data-id=\"e683142\" data-element_type=\"widget\" data-widget_type=\"heading.default\">\n\t\t\t\t<div class=\"elementor-widget-container\">\n\t\t\t\t\t<h2 class=\"elementor-heading-title elementor-size-default\">Individuelle Informationen f\u00fcr Ihre Projekte  <\/h2>\t\t\t\t<\/div>\n\t\t\t\t<\/div>\n\t\t\t\t<div class=\"elementor-element elementor-element-52b466d color-scheme-inherit text-left elementor-widget elementor-widget-text-editor\" data-id=\"52b466d\" data-element_type=\"widget\" data-widget_type=\"text-editor.default\">\n\t\t\t\t<div class=\"elementor-widget-container\">\n\t\t\t\t\t\t\t\t\t<p>Wenn Sie sich registrieren, helfen Sie uns, Sie besser kennen zu lernen und Ihnen Inhalte anzubieten, die auf Ihre Tischlereiprojekte zugeschnitten sind. Egal, ob Sie Ratschl\u00e4ge zum Einbau von Fenstern, Sonderangebote f\u00fcr ma\u00dfgefertigte T\u00fcren oder Ideen f\u00fcr Ihre Inneneinrichtung suchen, wir haben L\u00f6sungen f\u00fcr Sie. <\/p>\t\t\t\t\t\t\t\t<\/div>\n\t\t\t\t<\/div>\n\t\t\t\t\t<\/div>\n\t\t\t\t<\/div>\n\t\t<div class=\"wd-negative-gap elementor-element elementor-element-a53b883 e-flex e-con-boxed e-con e-parent\" data-id=\"a53b883\" data-element_type=\"container\">\n\t\t\t\t\t<div class=\"e-con-inner\">\n\t\t\t\t<div class=\"elementor-element elementor-element-dd504f2 elementor-widget elementor-widget-heading\" data-id=\"dd504f2\" data-element_type=\"widget\" data-widget_type=\"heading.default\">\n\t\t\t\t<div class=\"elementor-widget-container\">\n\t\t\t\t\t<h2 class=\"elementor-heading-title elementor-size-default\">Vertraulichkeit garantiert  <\/h2>\t\t\t\t<\/div>\n\t\t\t\t<\/div>\n\t\t\t\t<div class=\"elementor-element elementor-element-b97fe78 color-scheme-inherit text-left elementor-widget elementor-widget-text-editor\" data-id=\"b97fe78\" data-element_type=\"widget\" data-widget_type=\"text-editor.default\">\n\t\t\t\t<div class=\"elementor-widget-container\">\n\t\t\t\t\t\t\t\t\t<p>Ihre E-Mail ist bei uns sicher. Wir respektieren Ihre Privatsph\u00e4re und geben Ihre Daten nicht an Dritte weiter.   <\/p>\t\t\t\t\t\t\t\t<\/div>\n\t\t\t\t<\/div>\n\t\t\t\t\t<\/div>\n\t\t\t\t<\/div>\n\t\t<div class=\"wd-negative-gap elementor-element elementor-element-23232ac e-flex e-con-boxed e-con e-parent\" data-id=\"23232ac\" data-element_type=\"container\">\n\t\t\t\t\t<div class=\"e-con-inner\">\n\t\t\t\t<div class=\"elementor-element elementor-element-c9cec82 elementor-widget elementor-widget-heading\" data-id=\"c9cec82\" data-element_type=\"widget\" data-widget_type=\"heading.default\">\n\t\t\t\t<div class=\"elementor-widget-container\">\n\t\t\t\t\t<h2 class=\"elementor-heading-title elementor-size-default\">  Bleiben Sie in Verbindung!  <\/h2>\t\t\t\t<\/div>\n\t\t\t\t<\/div>\n\t\t\t\t<div class=\"elementor-element elementor-element-5c9d056 color-scheme-inherit text-left elementor-widget elementor-widget-text-editor\" data-id=\"5c9d056\" data-element_type=\"widget\" data-widget_type=\"text-editor.default\">\n\t\t\t\t<div class=\"elementor-widget-container\">\n\t\t\t\t\t\t\t\t\t<p>Melden Sie sich noch heute an und profitieren Sie von den Vorteilen unseres Newsletters. Warten Sie nicht l\u00e4nger, um exklusive Tipps, Angebote und Neuigkeiten zu erhalten! <\/p>\t\t\t\t\t\t\t\t<\/div>\n\t\t\t\t<\/div>\n\t\t\t\t\t<\/div>\n\t\t\t\t<\/div>\n\t\t\t\t<\/div>\n\t\t","protected":false},"excerpt":{"rendered":"<p>Melden Sie sich f\u00fcr unseren Newsletter an &#8211; Brico.blackfriday Bleiben Sie auf dem Laufenden \u00fcber die neuesten Produkte, exklusive Angebote<\/p>\n","protected":false},"author":1,"featured_media":0,"parent":0,"menu_order":0,"comment_status":"closed","ping_status":"closed","template":"","meta":{"footnotes":""},"class_list":["post-34611","page","type-page","status-publish","hentry"],"acf":[],"_links":{"self":[{"href":"https:\/\/brico.blackfriday\/de\/wp-json\/wp\/v2\/pages\/34611","targetHints":{"allow":["GET"]}}],"collection":[{"href":"https:\/\/brico.blackfriday\/de\/wp-json\/wp\/v2\/pages"}],"about":[{"href":"https:\/\/brico.blackfriday\/de\/wp-json\/wp\/v2\/types\/page"}],"author":[{"embeddable":true,"href":"https:\/\/brico.blackfriday\/de\/wp-json\/wp\/v2\/users\/1"}],"replies":[{"embeddable":true,"href":"https:\/\/brico.blackfriday\/de\/wp-json\/wp\/v2\/comments?post=34611"}],"version-history":[{"count":2,"href":"https:\/\/brico.blackfriday\/de\/wp-json\/wp\/v2\/pages\/34611\/revisions"}],"predecessor-version":[{"id":34613,"href":"https:\/\/brico.blackfriday\/de\/wp-json\/wp\/v2\/pages\/34611\/revisions\/34613"}],"wp:attachment":[{"href":"https:\/\/brico.blackfriday\/de\/wp-json\/wp\/v2\/media?parent=34611"}],"curies":[{"name":"wp","href":"https:\/\/api.w.org\/{rel}","templated":true}]}}